{"id":2997,"date":"2023-03-12T20:51:01","date_gmt":"2023-03-12T20:51:01","guid":{"rendered":"https:\/\/pensionkristian.cz\/kam-v-okoli\/"},"modified":"2025-06-15T14:16:31","modified_gmt":"2025-06-15T14:16:31","slug":"kam-v-okoli","status":"publish","type":"page","link":"https:\/\/pensionkristian.cz\/de\/kam-v-okoli\/","title":{"rendered":"Umgebung"},"content":{"rendered":"\n<h2 class=\"wp-block-heading has-text-align-center\">Informationen f\u00fcr unsere G\u00e4ste<\/h2>\n\n\n\n<hr class=\"wp-block-separator has-css-opacity\"\/>\n\n\n\n<div class=\"wp-block-media-text alignwide has-media-on-the-right is-stacked-on-mobile is-vertically-aligned-center\" style=\"grid-template-columns:auto 25%\"><div class=\"wp-block-media-text__content\">\n<h2 class=\"wp-block-heading has-large-font-size\">Parken<br><strong>Wo parken?<\/strong><\/h2>\n\n\n\n<p>Wir empfehlen, auf dem Parkplatz P1 in Chval\u0161insk\u00e1 138, \u010cesk\u00fd Krumlov, 381 01 zu parken, der etwa 5-7 Gehminuten (350 m) von unserer Pension entfernt ist. Der Parkplatz ist kommunal und wird durch ein Kamerasystem \u00fcberwacht.<\/p>\n\n\n\n<p>Parkgeb\u00fchren (lt. g\u00fcltiger st\u00e4dtischer Preisliste):<\/p>\n\n\n\n<p>24 Stunden \u2013 290 CZK<\/p>\n\n\n\n<p>48 Stunden \u2013 580 CZK<\/p>\n\n\n\n<p>72 Stunden \u2013 870 CZK<\/p>\n\n\n\n<p>Mit diesen Karten k\u00f6nnen Sie w\u00e4hrend Ihres Aufenthaltes nicht ausreisen. Bei Interesse k\u00f6nnen Sie im Infocenter auf dem Platz (Adresse: N\u00e1m\u011bst\u00ed Svornosti 2, \u010cesk\u00fd Krumlov 381 01) zum gleichen Preis eine Karte erwerben, die eine mehrmalige Aus- und Einfahrt erm\u00f6glicht.<\/p>\n\n\n\n<p>Die Parkgeb\u00fchr entrichten Sie direkt am Parkplatz und k\u00f6nnen mit Karte oder bar bezahlen.<\/p>\n\n\n\n<p><\/p>\n\n\n\n<p>Adresse: <strong>Chval\u0161insk\u00e1 138, \u010cesk\u00fd Krumlov 381 01<\/strong> link <a href=\"https:\/\/www.google.com\/maps\/dir\/\/Chval\u0161insk\u00e1+138,+381+01+\u010cesk\u00fd+Krumlov+1\/@48.8137843,14.2305368,12z\/data=!4m8!4m7!1m0!1m5!1m1!1s0x47735d9e887b262b:0x6b19a8a716477f0a!2m2!1d14.3129372!2d48.8138137?hl=cs-cz&amp;entry=ttu&amp;g_ep=EgoyMDI1MDIyNi4xIKXMDSoASAFQAw%3D%3D\" data-type=\"link\" data-id=\"https:\/\/www.google.com\/maps\/dir\/\/Chval\u0161insk\u00e1+138,+381+01+\u010cesk\u00fd+Krumlov+1\/@48.8137843,14.2305368,12z\/data=!4m8!4m7!1m0!1m5!1m1!1s0x47735d9e887b262b:0x6b19a8a716477f0a!2m2!1d14.3129372!2d48.8138137?hl=cs-cz&amp;entry=ttu&amp;g_ep=EgoyMDI1MDIyNi4xIKXMDSoASAFQAw%3D%3D\">HIERE<\/a>.<\/p>\n<\/div><figure class=\"wp-block-media-text__media\"><img decoding=\"async\" src=\"https:\/\/pensionkristian.cz\/wp-content\/uploads\/2025\/03\/Navrh-bez-nazvu-kopie-3.svg\" alt=\"\" class=\"wp-image-3684 size-full\"\/><\/figure><\/div>\n\n\n\n<div class=\"wp-block-media-text alignwide is-stacked-on-mobile\" style=\"grid-template-columns:25% auto\"><figure class=\"wp-block-media-text__media\"><img decoding=\"async\" src=\"https:\/\/pensionkristian.cz\/wp-content\/uploads\/2025\/03\/Navrh-bez-nazvu.svg\" alt=\"\" class=\"wp-image-3672 size-full\"\/><\/figure><div class=\"wp-block-media-text__content\">\n<h2 class=\"wp-block-heading\"><strong>Check-in &amp; Check-out <\/strong><\/h2>\n\n\n\n<p class=\"has-text-align-left\"><strong>Wie und wann k\u00f6nnen Sie bei uns einchecken? <\/strong><\/p>\n\n\n\n<p><strong>Check-in<\/strong>: M\u00f6glich zwischen <strong>15:00 <\/strong>und <strong>20:00 <\/strong>Uhr. Wir haben keine durchgehende Rezeption, deshalb bitten wir um Information \u00fcber die voraussichtliche Ankunftszeit. Nach <strong>20:00<\/strong> Uhr ist der Check-in im Selbst-Check-in-Verfahren m\u00f6glich. F\u00fcr den Selbst-Check-in ist es erforderlich, dass Sie sich vorher mit uns in Verbindung setzen, damit alles f\u00fcr Sie vorbereitet wird und wir Ihnen die n\u00f6tigen Informationen zusenden k\u00f6nnen. Voraussetzung f\u00fcr den Selbst-Check-in ist die <strong>Vorauszahlung<\/strong> der Unterkunft.<\/p>\n\n\n\n<p><strong>Check-out: Sp\u00e4testens bis 10:30 Uhr<\/strong>. Wir bitten Sie, das Zimmer rechtzeitig freizugeben, damit es f\u00fcr die n\u00e4chsten G\u00e4ste vorbereitet werden kann.<br><\/p>\n<\/div><\/div>\n\n\n\n<div class=\"wp-block-media-text alignwide has-media-on-the-right is-stacked-on-mobile\" style=\"grid-template-columns:auto 25%\"><div class=\"wp-block-media-text__content\">\n<h2 class=\"wp-block-heading\"><strong>Gep\u00e4ckaufbewahrung<\/strong><\/h2>\n\n\n\n<p><strong>M\u00fcssen Sie Ihr Gep\u00e4ck aufbewahren?<\/strong><\/p>\n\n\n\n<p>Kommen Sie vor 15:00 Uhr an? Kein Problem! Wir bewahren Ihr Gep\u00e4ck gerne kostenlos im G\u00e4stehaus auf, bevor Sie einchecken k\u00f6nnen. Ebenso k\u00f6nnen Sie Ihr Gep\u00e4ck nach dem Check-out bei uns lassen und es sp\u00e4ter abholen. Kontaktieren Sie uns bez\u00fcglich Ihrer Ankunftszeit, und wir geben Ihnen weitere Informationen.<\/p>\n\n\n\n<p>Wir m\u00f6chten, dass Sie Ihren Aufenthalt in vollen Z\u00fcgen und ohne Sorgen genie\u00dfen.<\/p>\n<\/div><figure class=\"wp-block-media-text__media\"><img decoding=\"async\" src=\"https:\/\/pensionkristian.cz\/wp-content\/uploads\/2025\/03\/Navrh-bez-nazvu-kopie.svg\" alt=\"\" class=\"wp-image-3676 size-full\"\/><\/figure><\/div>\n\n\n\n<div class=\"wp-block-media-text alignwide is-stacked-on-mobile\" style=\"grid-template-columns:25% auto\"><figure class=\"wp-block-media-text__media\"><img decoding=\"async\" src=\"https:\/\/pensionkristian.cz\/wp-content\/uploads\/2025\/03\/Navrh-bez-nazvu-kopie-2.svg\" alt=\"\" class=\"wp-image-3680 size-full\"\/><\/figure><div class=\"wp-block-media-text__content\">\n<h2 class=\"wp-block-heading\"><strong>Fr\u00fchst\u00fcck<\/strong><\/h2>\n\n\n\n<p><strong>M\u00f6chten Sie bei uns ein ausgezeichnetes Fr\u00fchst\u00fcck genie\u00dfen?<\/strong><\/p>\n\n\n\n<p><strong>F\u00fcr unsere G\u00e4ste bereiten wir ein frisches und reichhaltiges Fr\u00fchst\u00fcck zu<\/strong>, das Sie entweder im Inneren des G\u00e4stehauses oder auf unserer sch\u00f6nen Terrasse mit Blick auf die historischen Gassen der Stadt genie\u00dfen k\u00f6nnen. Jeden Morgen w\u00e4hlen wir sorgf\u00e4ltig frische Zutaten aus, damit das Fr\u00fchst\u00fcck immer lecker und von hoher Qualit\u00e4t ist.<\/p>\n\n\n\n<p>Das Fr\u00fchst\u00fcck wird in Form eines Buffets serviert, bei dem Sie eine gro\u00dfe Auswahl an frischen Br\u00f6tchen, K\u00e4se, Wurst, Joghurt, M\u00fcsli, Obst, Gem\u00fcse und anderen k\u00f6stlichen Leckereien finden. Lieben Sie morgens auch R\u00fchrei? Jeden Morgen ist R\u00fchrei Teil unseres Fr\u00fchst\u00fccks, frisch zubereitet kurz vor dem Servieren, um den besten Geschmack zu garantieren.<\/p>\n\n\n\n<p><strong>Preis des Fr\u00fchst\u00fccks:<\/strong>&nbsp;13 \u20ac \/ 300 CZK.<\/p>\n<\/div><\/div>\n\n\n\n<h2 class=\"wp-block-heading has-text-align-center\">Restaurants und Caf\u00e9s<\/h2>\n\n\n<div class=\"wp-block-image\">\n<figure class=\"aligncenter size-full is-resized\"><a href=\"https:\/\/pensionkristian.cz\/wp-content\/uploads\/2025\/03\/Navrh-bez-nazvu-kopie-4-2.svg\"><img decoding=\"async\" src=\"https:\/\/pensionkristian.cz\/wp-content\/uploads\/2025\/03\/Navrh-bez-nazvu-kopie-4-2.svg\" alt=\"\" class=\"wp-image-3699\" style=\"width:231px;height:auto\"\/><\/a><\/figure><\/div>\n\n\n<h2 class=\"wp-block-heading\">Hunger, Durst oder beides? Wir haben einige Tipps f\u00fcr Sie!<\/h2>\n\n\n\n<p>Egal, ob Sie nach einem herzhaften Mittagessen, einem romantischen Abendessen oder nur einem leichten Snack suchen, unten finden Sie Tipps zu unseren beliebtesten Lokalen in \u010cesk\u00fd Krumlov, die wir selbst gerne besuchen. Sie k\u00f6nnen traditionelle tschechische K\u00fcche, internationale Spezialit\u00e4ten oder einfach einen gro\u00dfartigen Kaffee und hausgemachten Kuchen in einem der gem\u00fctlichen Caf\u00e9s genie\u00dfen.<\/p>\n\n\n\n<p>Wenn Sie den Abend mit einem Glas Wein oder einem gut gek\u00fchlten Bier genie\u00dfen m\u00f6chten, haben wir auch einige bew\u00e4hrte Tipps f\u00fcr Sie. Fragen Sie uns einfach, und wir beraten Sie gerne. In den Saisonzeiten empfehlen wir, eine Reservierung in den Lokalen vorzunehmen, um einen angenehmen Besuch zu gew\u00e4hrleisten.<\/p>\n\n\n\n<div class=\"wp-block-columns is-layout-flex wp-container-core-columns-is-layout-9d6595d7 wp-block-columns-is-layout-flex\">\n<div class=\"wp-block-column is-layout-flow wp-block-column-is-layout-flow\">\n<div class=\"wp-block-columns is-layout-flex wp-container-core-columns-is-layout-9d6595d7 wp-block-columns-is-layout-flex\">\n<div class=\"wp-block-column is-layout-flow wp-block-column-is-layout-flow\">\n<h1 class=\"wp-block-heading has-text-align-center\">Restaurants <\/h1>\n<\/div>\n\n\n\n<div class=\"wp-block-column is-layout-flow wp-block-column-is-layout-flow\">\n<h1 class=\"wp-block-heading has-text-align-center\">Caf\u00e9s und Bars<\/h1>\n<\/div>\n<\/div>\n\n\n\n<figure class=\"wp-block-image size-full is-style-default\"><a href=\"https:\/\/pensionkristian.cz\/wp-content\/uploads\/2025\/04\/NJ.svg\"><img decoding=\"async\" src=\"https:\/\/pensionkristian.cz\/wp-content\/uploads\/2025\/04\/NJ.svg\" alt=\"\" class=\"wp-image-4004\"\/><\/a><\/figure>\n<\/div>\n<\/div>\n\n\n\n<figure class=\"wp-block-gallery aligncenter has-nested-images columns-default is-cropped wp-block-gallery-1 is-layout-flex wp-block-gallery-is-layout-flex\">\n<figure class=\"wp-block-image size-full\"><a href=\"https:\/\/pensionkristian.cz\/wp-content\/uploads\/2025\/05\/Mapa2-2.svg\"><img decoding=\"async\" data-id=\"4033\" src=\"https:\/\/pensionkristian.cz\/wp-content\/uploads\/2025\/05\/Mapa2-2.svg\" alt=\"\" class=\"wp-image-4033\"\/><\/a><\/figure>\n<\/figure>\n\n\n\n<p class=\"has-text-align-center\"><\/p>\n","protected":false},"excerpt":{"rendered":"<p>Informationen f\u00fcr unsere G\u00e4ste ParkenWo parken? Wir empfehlen, auf dem Parkplatz P1 in Chval\u0161insk\u00e1 138, \u010cesk\u00fd Krumlov, 381 01 zu parken, der etwa 5-7 Gehminuten (350 m) von unserer Pension entfernt ist. Der Parkplatz ist kommunal und wird durch ein Kamerasystem \u00fcberwacht. Parkgeb\u00fchren (lt. g\u00fcltiger st\u00e4dtischer Preisliste): 24 Stunden \u2013 290 CZK 48 Stunden \u2013&hellip;<\/p>\n","protected":false},"author":1,"featured_media":0,"parent":0,"menu_order":0,"comment_status":"closed","ping_status":"closed","template":"","meta":{"_acf_changed":false,"footnotes":""},"class_list":["post-2997","page","type-page","status-publish","hentry"],"acf":[],"_links":{"self":[{"href":"https:\/\/pensionkristian.cz\/de\/wp-json\/wp\/v2\/pages\/2997","targetHints":{"allow":["GET"]}}],"collection":[{"href":"https:\/\/pensionkristian.cz\/de\/wp-json\/wp\/v2\/pages"}],"about":[{"href":"https:\/\/pensionkristian.cz\/de\/wp-json\/wp\/v2\/types\/page"}],"author":[{"embeddable":true,"href":"https:\/\/pensionkristian.cz\/de\/wp-json\/wp\/v2\/users\/1"}],"replies":[{"embeddable":true,"href":"https:\/\/pensionkristian.cz\/de\/wp-json\/wp\/v2\/comments?post=2997"}],"version-history":[{"count":13,"href":"https:\/\/pensionkristian.cz\/de\/wp-json\/wp\/v2\/pages\/2997\/revisions"}],"predecessor-version":[{"id":4047,"href":"https:\/\/pensionkristian.cz\/de\/wp-json\/wp\/v2\/pages\/2997\/revisions\/4047"}],"wp:attachment":[{"href":"https:\/\/pensionkristian.cz\/de\/wp-json\/wp\/v2\/media?parent=2997"}],"curies":[{"name":"wp","href":"https:\/\/api.w.org\/{rel}","templated":true}]}}