{"id":3035,"date":"2023-03-12T20:51:54","date_gmt":"2023-03-12T20:51:54","guid":{"rendered":"https:\/\/pensionkristian.cz\/nase-pokoje\/"},"modified":"2025-04-09T15:30:11","modified_gmt":"2025-04-09T15:30:11","slug":"nase-pokoje","status":"publish","type":"page","link":"https:\/\/pensionkristian.cz\/de\/nase-pokoje\/","title":{"rendered":"Unsere Zimmer"},"content":{"rendered":"<p><img loading=\"lazy\" decoding=\"async\" class=\"title-divider wp-image-1276 aligncenter\" src=\"https:\/\/pensionkristian.cz\/wp-content\/uploads\/2018\/03\/divider2.png\" alt=\"\" width=\"250\" height=\"22\" srcset=\"https:\/\/pensionkristian.cz\/wp-content\/uploads\/2018\/03\/divider2.png 432w, https:\/\/pensionkristian.cz\/wp-content\/uploads\/2018\/03\/divider2-300x26.png 300w\" sizes=\"auto, (max-width: 250px) 100vw, 250px\" \/><\/p>\n<p>Willkommen im neu rekonzipierten Pension Kristian in einem Geb\u00e4ude aus dem 15. Jahrhundert. Wir befinden uns im Herzen des historischen Zentrums von \u010cesk\u00fd Krumlov, dennoch in einer sehr ruhigen und stillen Gasse, der Masn\u00e1, die viele angenehme Pl\u00e4tze zum Sitzen bietet. Im Pension Kristian haben wir f\u00fcr Sie acht wundersch\u00f6ne Doppelzimmer nach einer kompletten Renovierung vorbereitet. Hier k\u00f6nnen Sie w\u00e4hlen, welches Sie sich am liebsten ansehen w\u00fcrden.<\/p>\n\n\n<p><\/p>\n","protected":false},"excerpt":{"rendered":"<p>Willkommen im neu rekonzipierten Pension Kristian in einem Geb\u00e4ude aus dem 15. Jahrhundert. Wir befinden uns im Herzen des historischen Zentrums von \u010cesk\u00fd Krumlov, dennoch in einer sehr ruhigen und stillen Gasse, der Masn\u00e1, die viele angenehme Pl\u00e4tze zum Sitzen bietet. Im Pension Kristian haben wir f\u00fcr Sie acht wundersch\u00f6ne Doppelzimmer nach einer kompletten Renovierung&hellip;<\/p>\n","protected":false},"author":1,"featured_media":0,"parent":0,"menu_order":0,"comment_status":"closed","ping_status":"closed","template":"portfolio.php","meta":{"_acf_changed":false,"footnotes":""},"class_list":["post-3035","page","type-page","status-publish","hentry"],"acf":[],"_links":{"self":[{"href":"https:\/\/pensionkristian.cz\/de\/wp-json\/wp\/v2\/pages\/3035","targetHints":{"allow":["GET"]}}],"collection":[{"href":"https:\/\/pensionkristian.cz\/de\/wp-json\/wp\/v2\/pages"}],"about":[{"href":"https:\/\/pensionkristian.cz\/de\/wp-json\/wp\/v2\/types\/page"}],"author":[{"embeddable":true,"href":"https:\/\/pensionkristian.cz\/de\/wp-json\/wp\/v2\/users\/1"}],"replies":[{"embeddable":true,"href":"https:\/\/pensionkristian.cz\/de\/wp-json\/wp\/v2\/comments?post=3035"}],"version-history":[{"count":15,"href":"https:\/\/pensionkristian.cz\/de\/wp-json\/wp\/v2\/pages\/3035\/revisions"}],"predecessor-version":[{"id":3920,"href":"https:\/\/pensionkristian.cz\/de\/wp-json\/wp\/v2\/pages\/3035\/revisions\/3920"}],"wp:attachment":[{"href":"https:\/\/pensionkristian.cz\/de\/wp-json\/wp\/v2\/media?parent=3035"}],"curies":[{"name":"wp","href":"https:\/\/api.w.org\/{rel}","templated":true}]}}