{"id":3048,"date":"2023-03-12T20:53:13","date_gmt":"2023-03-12T20:53:13","guid":{"rendered":"https:\/\/pensionkristian.cz\/uvod\/"},"modified":"2025-06-15T14:06:01","modified_gmt":"2025-06-15T14:06:01","slug":"uvod","status":"publish","type":"page","link":"https:\/\/pensionkristian.cz\/de\/","title":{"rendered":"Startseite"},"content":{"rendered":"<div class=\"wpb-content-wrapper\"><p>[vc_row full_width=&#8220;stretch_row_content_no_spaces&#8220;][vc_column]\n\t\t\t<!-- START Hotel Slider REVOLUTION SLIDER 6.7.34 --><p class=\"rs-p-wp-fix\"><\/p>\n\t\t\t<rs-module-wrap id=\"rev_slider_1_1_wrapper\" data-source=\"gallery\" style=\"visibility:hidden;background:#686868;padding:0;margin:0px auto;margin-top:0;margin-bottom:0;\">\n\t\t\t\t<rs-module id=\"rev_slider_1_1\" style=\"\" data-version=\"6.7.34\">\n\t\t\t\t\t<rs-slides style=\"overflow: hidden; position: absolute;\">\n\t\t\t\t\t\t<rs-slide style=\"position: absolute;\" data-key=\"rs-8\" data-title=\"Views\" data-thumb=\"\/\/pensionkristian.cz\/wp-content\/uploads\/2019\/07\/TOM7801-kopie-100x50.jpg\" data-anim=\"ms:600;\" data-in=\"o:0;\" data-out=\"a:false;\" data-mediafilter=\"slumber\">\n\t\t\t\t\t\t\t<img decoding=\"async\" src=\"\/\/pensionkristian.cz\/wp-content\/plugins\/revslider\/sr6\/assets\/assets\/dummy.png\" alt=\"\" title=\"Startseite\" class=\"rev-slidebg tp-rs-img rs-lazyload\" data-lazyload=\"\/\/pensionkristian.cz\/wp-content\/uploads\/2019\/07\/TOM7801-kopie.jpg\" data-no-retina>\n<!--\n\t\t\t\t\t\t\t--><rs-layer\n\t\t\t\t\t\t\t\tid=\"slider-1-slide-8-layer-4\" \n\t\t\t\t\t\t\t\tclass=\"rev-btn\"\n\t\t\t\t\t\t\t\tdata-type=\"button\"\n\t\t\t\t\t\t\t\tdata-rsp_ch=\"on\"\n\t\t\t\t\t\t\t\tdata-xy=\"xo:17px,41px,56px,16px;y:m;yo:208px,208px,140px,126px;\"\n\t\t\t\t\t\t\t\tdata-text=\"w:normal,nowrap,nowrap,nowrap;s:15;l:50,50,40,40;ls:2px;fw:700;a:center;\"\n\t\t\t\t\t\t\t\tdata-dim=\"w:260px,200px,160px,160px;\"\n\t\t\t\t\t\t\t\tdata-actions='o:click;a:simplelink;target:_blank;url:pensionkristian.cz\/rezervace;'\n\t\t\t\t\t\t\t\tdata-padding=\"r:30,30,10,10;l:30,30,10,10;\"\n\t\t\t\t\t\t\t\tdata-border=\"bos:solid;boc:#ffffff;bow:1px,1px,1px,1px;\"\n\t\t\t\t\t\t\t\tdata-frame_0=\"o:1;\"\n\t\t\t\t\t\t\t\tdata-frame_0_sfx=\"se:blocktotop;\"\n\t\t\t\t\t\t\t\tdata-frame_1=\"e:power4.inOut;st:400;sp:1200;sR:400;\"\n\t\t\t\t\t\t\t\tdata-frame_1_sfx=\"se:blocktotop;\"\n\t\t\t\t\t\t\t\tdata-frame_999=\"z:0;e:power4.inOut;st:w;sp:1200;sR:7400;\"\n\t\t\t\t\t\t\t\tdata-frame_hover=\"c:#000;bgc:#fff;boc:#fff;bor:0px,0px,0px,0px;bos:solid;bow:1px,1px,1px,1px;oX:50;oY:50;sp:0;\"\n\t\t\t\t\t\t\t\tstyle=\"z-index:6;background-color:rgba(255,255,255,0);font-family:'Roboto Condensed';text-transform:uppercase;cursor:pointer;outline:none;box-shadow:none;box-sizing:border-box;-moz-box-sizing:border-box;-webkit-box-sizing:border-box;\"\n\t\t\t\t\t\t\t>Zimmer Buchen \n\t\t\t\t\t\t\t<\/rs-layer><!--\n-->\t\t\t\t\t<\/rs-slide>\n\t\t\t\t\t\t<rs-slide style=\"position: absolute;\" data-key=\"rs-9\" data-title=\"Welcome\" data-thumb=\"\/\/pensionkristian.cz\/wp-content\/uploads\/2019\/07\/TOM2179-kopie-100x50.jpg\" data-anim=\"ms:600;\" data-in=\"o:0;\" data-out=\"a:false;\">\n\t\t\t\t\t\t\t<img decoding=\"async\" src=\"\/\/pensionkristian.cz\/wp-content\/plugins\/revslider\/sr6\/assets\/assets\/dummy.png\" alt=\"\" title=\"Startseite\" class=\"rev-slidebg tp-rs-img rs-lazyload\" data-lazyload=\"\/\/pensionkristian.cz\/wp-content\/uploads\/2019\/07\/TOM2179-kopie.jpg\" data-no-retina>\n<!--\n\t\t\t\t\t\t\t--><rs-layer\n\t\t\t\t\t\t\t\tid=\"slider-1-slide-9-layer-4\" \n\t\t\t\t\t\t\t\tclass=\"rev-btn\"\n\t\t\t\t\t\t\t\tdata-type=\"button\"\n\t\t\t\t\t\t\t\tdata-rsp_ch=\"on\"\n\t\t\t\t\t\t\t\tdata-xy=\"xo:27px,28px,44px,32px;y:m;yo:214px,171px,129px,120px;\"\n\t\t\t\t\t\t\t\tdata-text=\"w:normal,nowrap,nowrap,nowrap;s:15;l:50,50,40,40;ls:2px;fw:700;a:center;\"\n\t\t\t\t\t\t\t\tdata-dim=\"w:239px,200px,160px,160px;\"\n\t\t\t\t\t\t\t\tdata-actions='o:click;a:simplelink;target:_self;url:pensionkristian.cz\/rezervace;'\n\t\t\t\t\t\t\t\tdata-padding=\"r:30,30,10,10;l:30,30,10,10;\"\n\t\t\t\t\t\t\t\tdata-border=\"bos:solid;boc:#ffffff;bow:1px,1px,1px,1px;\"\n\t\t\t\t\t\t\t\tdata-frame_0=\"o:1;\"\n\t\t\t\t\t\t\t\tdata-frame_0_sfx=\"se:blocktotop;\"\n\t\t\t\t\t\t\t\tdata-frame_1=\"e:power4.inOut;st:400;sp:1200;sR:400;\"\n\t\t\t\t\t\t\t\tdata-frame_1_sfx=\"se:blocktotop;\"\n\t\t\t\t\t\t\t\tdata-frame_999=\"z:0;e:power4.inOut;st:w;sp:1200;sR:7400;\"\n\t\t\t\t\t\t\t\tdata-frame_hover=\"c:#000;bgc:#fff;boc:#fff;bor:0px,0px,0px,0px;bos:solid;bow:1px,1px,1px,1px;oX:50;oY:50;sp:0;\"\n\t\t\t\t\t\t\t\tstyle=\"z-index:6;background-color:rgba(255,255,255,0);font-family:'Roboto Condensed';text-transform:uppercase;cursor:pointer;outline:none;box-shadow:none;box-sizing:border-box;-moz-box-sizing:border-box;-webkit-box-sizing:border-box;\"\n\t\t\t\t\t\t\t>Zimmer buchen \n\t\t\t\t\t\t\t<\/rs-layer><!--\n-->\t\t\t\t\t<\/rs-slide>\n\t\t\t\t\t\t<rs-slide style=\"position: absolute;\" data-key=\"rs-10\" data-title=\"Welcome\" data-thumb=\"\/\/pensionkristian.cz\/wp-content\/uploads\/2019\/07\/TOM1921-kopie-100x50.jpg\" data-anim=\"ms:600;\" data-in=\"o:0;\" data-out=\"a:false;\">\n\t\t\t\t\t\t\t<img decoding=\"async\" src=\"\/\/pensionkristian.cz\/wp-content\/plugins\/revslider\/sr6\/assets\/assets\/dummy.png\" alt=\"\" title=\"Startseite\" class=\"rev-slidebg tp-rs-img rs-lazyload\" data-lazyload=\"\/\/pensionkristian.cz\/wp-content\/uploads\/2019\/07\/TOM1921-kopie.jpg\" data-no-retina>\n<!--\n\t\t\t\t\t\t\t--><rs-layer\n\t\t\t\t\t\t\t\tid=\"slider-1-slide-10-layer-4\" \n\t\t\t\t\t\t\t\tclass=\"rev-btn\"\n\t\t\t\t\t\t\t\tdata-type=\"button\"\n\t\t\t\t\t\t\t\tdata-rsp_ch=\"on\"\n\t\t\t\t\t\t\t\tdata-xy=\"xo:27px,51px,26px,27px;y:m;yo:157px,167px,145px,126px;\"\n\t\t\t\t\t\t\t\tdata-text=\"w:normal,nowrap,nowrap,nowrap;s:15;l:50,50,40,40;ls:2px;fw:700;a:center;\"\n\t\t\t\t\t\t\t\tdata-dim=\"w:239px,195px,160px,160px;\"\n\t\t\t\t\t\t\t\tdata-actions='o:click;a:simplelink;target:_self;url:pensionkristian.cz\/rezervace;'\n\t\t\t\t\t\t\t\tdata-padding=\"r:30,30,10,10;l:30,30,10,10;\"\n\t\t\t\t\t\t\t\tdata-border=\"bos:solid;boc:#ffffff;bow:1px,1px,1px,1px;\"\n\t\t\t\t\t\t\t\tdata-frame_0=\"o:1;\"\n\t\t\t\t\t\t\t\tdata-frame_0_sfx=\"se:blocktotop;\"\n\t\t\t\t\t\t\t\tdata-frame_1=\"e:power4.inOut;st:400;sp:1200;sR:400;\"\n\t\t\t\t\t\t\t\tdata-frame_1_sfx=\"se:blocktotop;\"\n\t\t\t\t\t\t\t\tdata-frame_999=\"z:0;e:power4.inOut;st:w;sp:1200;sR:7400;\"\n\t\t\t\t\t\t\t\tdata-frame_hover=\"c:#000;bgc:#fff;boc:#fff;bor:0px,0px,0px,0px;bos:solid;bow:1px,1px,1px,1px;oX:50;oY:50;sp:0;\"\n\t\t\t\t\t\t\t\tstyle=\"z-index:6;background-color:rgba(255,255,255,0);font-family:'Roboto Condensed';text-transform:uppercase;cursor:pointer;outline:none;box-shadow:none;box-sizing:border-box;-moz-box-sizing:border-box;-webkit-box-sizing:border-box;\"\n\t\t\t\t\t\t\t>Zimmer buchen \n\t\t\t\t\t\t\t<\/rs-layer><!--\n-->\t\t\t\t\t<\/rs-slide>\n\t\t\t\t\t<\/rs-slides>\n\t\t\t\t<\/rs-module>\n\t\t\t\t<script>\n\t\t\t\t\tsetREVStartSize({c: 'rev_slider_1_1',rl:[1240,1024,768,480],el:[650,650,450,450],gw:[1170,1024,778,480],gh:[650,650,450,450],type:'standard',justify:'',layout:'fullwidth',mh:\"0\"});if (window.RS_MODULES!==undefined && window.RS_MODULES.modules!==undefined && window.RS_MODULES.modules[\"revslider11\"]!==undefined) {window.RS_MODULES.modules[\"revslider11\"].once = false;window.revapi1 = undefined;if (window.RS_MODULES.checkMinimal!==undefined) window.RS_MODULES.checkMinimal()}\n\t\t\t\t<\/script>\n\t\t\t<\/rs-module-wrap>\n\t\t\t<!-- END REVOLUTION SLIDER -->\n[\/vc_column][\/vc_row][vc_row full_width=&#8220;stretch_row&#8220; css=&#8220;.vc_custom_1523452645764{border-bottom-width: 1px !important;border-bottom-color: #eeeeee !important;border-bottom-style: solid !important;border-radius: 1px !important;}&#8220; el_class=&#8220;homepage-intro&#8220;][vc_column css=&#8220;.vc_custom_1522662399358{padding-top: 0px !important;}&#8220;][vc_custom_heading text=&#8220;Willkommen im Pension Kristian by KH&#8220; font_container=&#8220;tag:h2|text_align:center&#8220; use_theme_fonts=&#8220;yes&#8220; css=&#8220;&#8220; el_class=&#8220;h1-title&#8220;][vc_column_text css=&#8220;.vc_custom_1522675722425{margin-bottom: 10px !important;}&#8220;]<img loading=\"lazy\" decoding=\"async\" class=\"title-divider aligncenter wp-image-1276\" src=\"https:\/\/demo-content.kaliumtheme.com\/hotel\/wp-content\/uploads\/2018\/03\/divider2.png\" alt=\"\" width=\"250\" height=\"22\" srcset=\"https:\/\/pensionkristian.cz\/wp-content\/uploads\/2018\/03\/divider2.png 432w, https:\/\/pensionkristian.cz\/wp-content\/uploads\/2018\/03\/divider2-300x26.png 300w\" sizes=\"auto, (max-width: 250px) 100vw, 250px\" \/>[\/vc_column_text][vc_row_inner][vc_column_inner width=&#8220;1\/2&#8243;][vc_column_text css_animation=&#8220;left-to-right&#8220; css=&#8220;&#8220;]Erleben Sie den Zauber von \u010cesk\u00fd Krumlov im Pension Kristian. \u00dcbernachten Sie in einem einzigartigen historischen Geb\u00e4ude aus dem 15. Jahrhundert, das die Atmosph\u00e4re der alten Stadt widerspiegelt, und genie\u00dfen Sie gleichzeitig den Komfort einer modernen Unterkunft. Jeder Winkel unseres Pensionshauses wurde sorgf\u00e4ltig renoviert, um den historischen Charme mit elegantem Design zu verbinden.[\/vc_column_text][\/vc_column_inner][vc_column_inner width=&#8220;1\/2&#8243;][vc_column_text css_animation=&#8220;right-to-left&#8220; css=&#8220;&#8220;]Pension Kristian ist Teil der familiengef\u00fchrten Marke Kristian Hotels. Hier begann 2019 unsere Geschichte, die heute um drei weitere Unterk\u00fcnfte im Herzen von \u010cesk\u00fd Krumlov gewachsen ist. In all unseren R\u00e4umlichkeiten legen wir gro\u00dfen Wert auf pers\u00f6nlichen Service, eine famili\u00e4re Atmosph\u00e4re und maximalen Komfort. Wir m\u00f6chten, dass Sie sich bei uns willkommen f\u00fchlen und mit dem Gef\u00fchl von Erholung, Wohlbefinden und unvergesslichen Erlebnissen abreisen.[\/vc_column_text][\/vc_column_inner][\/vc_row_inner][vc_row_inner el_class=&#8220;service-icons&#8220;][vc_column_inner width=&#8220;1\/6&#8243; offset=&#8220;vc_col-xs-6&#8243;][vc_single_image image=&#8220;3322&#8243; img_size=&#8220;full&#8220; alignment=&#8220;center&#8220; css=&#8220;.vc_custom_1685638422207{margin-bottom: 20px !important;}&#8220;][vc_custom_heading text=&#8220;Fr\u00fchst\u00fcck&#8220; font_container=&#8220;tag:h4|font_size:15|text_align:center|color:%23c39a2c&#8220; use_theme_fonts=&#8220;yes&#8220; css=&#8220;&#8220;][\/vc_column_inner][vc_column_inner width=&#8220;1\/6&#8243; offset=&#8220;vc_col-xs-6&#8243;][vc_single_image image=&#8220;1560&#8243; img_size=&#8220;full&#8220; alignment=&#8220;center&#8220; css=&#8220;.vc_custom_1522674066865{margin-bottom: 20px !important;}&#8220;][vc_custom_heading text=&#8220;Wi-Fi frei&#8220; font_container=&#8220;tag:h4|font_size:15|text_align:center|color:%23c39a2c&#8220; use_theme_fonts=&#8220;yes&#8220; css=&#8220;&#8220;][\/vc_column_inner][vc_column_inner width=&#8220;1\/6&#8243; offset=&#8220;vc_col-xs-6&#8243;][vc_single_image image=&#8220;3328&#8243; img_size=&#8220;full&#8220; alignment=&#8220;center&#8220; css=&#8220;.vc_custom_1685638929820{margin-bottom: 20px !important;}&#8220;][vc_custom_heading text=&#8220;Holzterrasse&#8220; font_container=&#8220;tag:h4|font_size:15|text_align:center|color:%23c39a2c&#8220; use_theme_fonts=&#8220;yes&#8220; css=&#8220;&#8220;][\/vc_column_inner][vc_column_inner width=&#8220;1\/6&#8243; offset=&#8220;vc_col-xs-6&#8243;][vc_single_image image=&#8220;3074&#8243; img_size=&#8220;full&#8220; alignment=&#8220;center&#8220; css=&#8220;.vc_custom_1560235214444{margin-bottom: 20px !important;}&#8220;][vc_custom_heading text=&#8220;Unterkunft im Stadtzentrum&#8220; font_container=&#8220;tag:h4|font_size:15|text_align:center|color:%23c39a2c&#8220; use_theme_fonts=&#8220;yes&#8220; css=&#8220;&#8220;][\/vc_column_inner][vc_column_inner width=&#8220;1\/6&#8243; offset=&#8220;vc_col-xs-6&#8243;][vc_single_image image=&#8220;3071&#8243; img_size=&#8220;full&#8220; alignment=&#8220;center&#8220; css=&#8220;.vc_custom_1560235233316{margin-bottom: 20px !important;}&#8220;][vc_custom_heading text=&#8220;Bequeme Betten&#8220; font_container=&#8220;tag:h4|font_size:15|text_align:center|color:%23c39a2c&#8220; use_theme_fonts=&#8220;yes&#8220; css=&#8220;&#8220;][\/vc_column_inner][vc_column_inner width=&#8220;1\/6&#8243; offset=&#8220;vc_col-xs-6&#8243;][vc_single_image image=&#8220;3313&#8243; img_size=&#8220;full&#8220; alignment=&#8220;center&#8220; css=&#8220;.vc_custom_1685638268705{margin-bottom: 20px !important;}&#8220;][vc_custom_heading text=&#8220;Smart TV&#8220; font_container=&#8220;tag:h4|font_size:15|text_align:center|color:%23c39a2c&#8220; use_theme_fonts=&#8220;yes&#8220;][\/vc_column_inner][\/vc_row_inner][\/vc_column][\/vc_row][vc_row full_width=&#8220;stretch_row&#8220; css=&#8220;.vc_custom_1523370105102{border-bottom-width: 1px !important;border-bottom-color: #eeeeee !important;border-bottom-style: solid !important;border-radius: 1px !important;}&#8220; el_class=&#8220;homepage-rooms&#8220;][vc_column css=&#8220;.vc_custom_1523370159761{padding-top: 0px !important;}&#8220;][vc_row_inner content_placement=&#8220;middle&#8220;][vc_column_inner width=&#8220;1\/4&#8243;][vc_custom_heading text=&#8220;W\u00e4hlen Sie Ihr Zimmer&#8220; use_theme_fonts=&#8220;yes&#8220; css=&#8220;&#8220; el_class=&#8220;h1-title&#8220;][\/vc_column_inner][vc_column_inner width=&#8220;3\/4&#8243;][vc_column_text css=&#8220;.vc_custom_1744012557713{margin-bottom: 0px !important;}&#8220;]Pension Kristian ist der ideale Ausgangspunkt, um das bezaubernde Zentrum von \u010cesk\u00fd Krumlov zu entdecken. Wir bieten acht stilvoll eingerichtete Zimmer, die sorgf\u00e4ltig von unserem Architekten gestaltet wurden, mit besonderem Augenmerk auf Komfort und modernes Design. Jedes Zimmer verf\u00fcgt \u00fcber ein eigenes modernes Badezimmer und WC, Smart TV, schnelles Wi-Fi, luxuri\u00f6se hohe Matratzen und Bettw\u00e4sche von erstklassiger Qualit\u00e4t. In den Deluxe-Dachgeschosszimmern k\u00f6nnen Sie au\u00dferdem perfekten Komfort mit einer Deckenklimaanlage genie\u00dfen.[\/vc_column_text][\/vc_column_inner][\/vc_row_inner][lab_portfolio_items category_filter=&#8220;no&#8220; portfolio_type=&#8220;type-2&#8243; columns=&#8220;4&#8243; reveal_effect=&#8220;fade-one&#8220; portfolio_spacing=&#8220;yes&#8220; pagination_type=&#8220;hide&#8220; portfolio_query=&#8220;size:4|order_by:title|order:ASC|post_type:portfolio&#8220;][vc_empty_space][\/vc_column][\/vc_row][vc_row full_width=&#8220;stretch_row_content&#8220;][vc_column css=&#8220;.vc_custom_1523367252317{padding-right: 0px !important;padding-left: 0px !important;}&#8220;][vc_row_inner container_type=&#8220;fluid&#8220; equal_height=&#8220;yes&#8220; content_placement=&#8220;middle&#8220;][vc_column_inner width=&#8220;1\/2&#8243;][vc_single_image image=&#8220;2335&#8243; img_size=&#8220;full&#8220; alignment=&#8220;center&#8220; css=&#8220;.vc_custom_1740232181396{margin-bottom: 0px !important;}&#8220;][\/vc_column_inner][vc_column_inner width=&#8220;1\/2&#8243;][vc_custom_heading text=&#8220;Der beste Ort f\u00fcr gemeinsame Momente zu zweit ist&#8220; font_container=&#8220;tag:p|font_size:23|text_align:center|color:%23ccab56&#8243; use_theme_fonts=&#8220;yes&#8220; css=&#8220;.vc_custom_1744012978425{margin-bottom: 15px !important;}&#8220; el_class=&#8220;sub-heading&#8220;][vc_custom_heading text=&#8220;die Terrasse des Pension Kristian&#8220; font_container=&#8220;tag:h2|text_align:center&#8220; use_theme_fonts=&#8220;yes&#8220; css_animation=&#8220;none&#8220; css=&#8220;&#8220;][vc_empty_space][vc_column_text css=&#8220;&#8220;]<\/p>\n<p class=\"\" data-start=\"0\" data-end=\"345\">Unsere \u00fcberdachte Holzterrasse, versteckt zwischen den malerischen Gassen, ist der perfekte Ort, um sich nach einem Tag voller Entdeckungen zu entspannen. Halten Sie inne, \u00f6ffnen Sie eine Flasche Prosecco aus dem Weinkeller in unserer Lobby und genie\u00dfen Sie ein Glas bei einem ruhigen Abend mit Blick auf die historisch \u00e4lteste Gasse im Zentrum.<\/p>\n<p class=\"\" data-start=\"347\" data-end=\"558\">Der Abend geh\u00f6rt dem Prosecco, der Morgen wiederum einem frischen Fr\u00fchst\u00fcck und handverlesenen Kaffee, der Ihnen w\u00e4hrend Ihres gesamten Aufenthalts kostenlos zur Verf\u00fcgung steht \u2013 jeder Moment hat seinen Zauber.<\/p>\n<p>[\/vc_column_text][vc_btn title=&#8220;Zimmer buchen&#8220; style=&#8220;flat&#8220; shape=&#8220;round&#8220; color=&#8220;black&#8220; align=&#8220;center&#8220; css_animation=&#8220;fadeIn&#8220; css=&#8220;.vc_custom_1744013390347{margin-bottom: 0px !important;}&#8220; link=&#8220;url:https%3A%2F%2Fpensionkristian.cz%2Fde%2Frezervace%2F|title:Rezervace|&#8220;][\/vc_column_inner][\/vc_row_inner][vc_empty_space height=&#8220;64px&#8220;][vc_custom_heading text=&#8220;Kristian Hotels&#8220; font_container=&#8220;tag:h2|text_align:center&#8220; use_theme_fonts=&#8220;yes&#8220; css=&#8220;&#8220; el_class=&#8220;h1-title&#8220;][vc_column_text css=&#8220;.vc_custom_1522678396853{margin-bottom: 0px !important;}&#8220;]<img loading=\"lazy\" decoding=\"async\" class=\"title-divider aligncenter wp-image-1276\" src=\"https:\/\/demo-content.kaliumtheme.com\/hotel\/wp-content\/uploads\/2018\/03\/divider2.png\" alt=\"\" width=\"250\" height=\"22\" srcset=\"https:\/\/pensionkristian.cz\/wp-content\/uploads\/2018\/03\/divider2.png 432w, https:\/\/pensionkristian.cz\/wp-content\/uploads\/2018\/03\/divider2-300x26.png 300w\" sizes=\"auto, (max-width: 250px) 100vw, 250px\" \/>[\/vc_column_text][\/vc_column][\/vc_row][vc_row][vc_column][vc_column_text css=&#8220;&#8220;]Kristian Hotels vereint vier einzigartige Unterk\u00fcnfte im Herzen von \u010cesk\u00fd Krumlov, wo der historische Charme der Stadt mit modernem Komfort und einer gem\u00fctlichen Atmosph\u00e4re verschmilzt. Jede unserer Unterk\u00fcnfte bietet ein einzigartiges Erlebnis, ob Sie nun einen romantischen Aufenthalt zu zweit suchen oder einen komfortablen Ort zum Entspannen nach einem ganzen Tag der Entdeckung von Krumlovs Sch\u00f6nheit. Unsere Unterk\u00fcnfte verbinden traditionelle Atmosph\u00e4re mit erstklassigem Service und Ausstattung, die Ihnen einen bequemen und unvergesslichen Aufenthalt garantieren. Entdecken Sie unsere weiteren Unterk\u00fcnfte und finden Sie den perfekten Ort f\u00fcr Ihren Aufenthalt. St\u00f6bern Sie in unserem Angebot unten und w\u00e4hlen Sie nach Ihren Vorlieben.[\/vc_column_text][\/vc_column][\/vc_row][vc_row][vc_column width=&#8220;1\/4&#8243;][vc_empty_space][vc_media_grid element_width=&#8220;12&#8243; gap=&#8220;30&#8243; css=&#8220;&#8220; grid_id=&#8220;vc_gid:1749996323951-bfb9f149-3abb-2&#8243; include=&#8220;3161&#8243;][vc_column_text css=&#8220;&#8220;]<\/p>\n<h4 style=\"text-align: left;\">Pension Kristian<\/h4>\n<p>[\/vc_column_text][vc_empty_space height=&#8220;16px&#8220;][vc_column_text css=&#8220;&#8220;]<strong data-start=\"2\" data-end=\"13\" data-is-only-node=\"\">Adresse:<\/strong> Masn\u00e1 134<\/p>\n<p>\u010cesk\u00fd Krumlov<\/p>\n<p><strong data-start=\"43\" data-end=\"56\" data-is-only-node=\"\">Kapazit\u00e4t:<\/strong> 8 pokoj\u016f<\/p>\n<p><strong data-start=\"70\" data-end=\"78\" data-is-only-node=\"\">Web:<\/strong> <a href=\"http:\/\/www.pensionkristian.cz\/\" target=\"_new\" rel=\"noopener\" data-start=\"79\" data-end=\"134\" data-is-last-node=\"\">www.PensionKristian.cz<\/a>[\/vc_column_text][vc_btn title=&#8220;Mehr Informationen&#8220; shape=&#8220;round&#8220; color=&#8220;black&#8220; size=&#8220;sm&#8220; align=&#8220;center&#8220; css=&#8220;&#8220; button_block=&#8220;true&#8220; link=&#8220;url:http%3A%2F%2Fwww.pensionkristian.cz|&#8220;][\/vc_column][vc_column width=&#8220;1\/4&#8243;][vc_empty_space][vc_media_grid element_width=&#8220;12&#8243; gap=&#8220;30&#8243; css=&#8220;&#8220; grid_id=&#8220;vc_gid:1749996323952-d4ba48c6-8afe-3&#8243; include=&#8220;3651&#8243;][vc_column_text css=&#8220;&#8220;]<\/p>\n<h4>Orangerie<\/h4>\n<p>[\/vc_column_text][vc_empty_space height=&#8220;16px&#8220;][vc_column_text css=&#8220;&#8220;]<strong data-start=\"2\" data-end=\"13\" data-is-only-node=\"\">Adresse:<\/strong> Nov\u00e9 M\u011bsto 26<\/p>\n<p>\u010cesk\u00fd Krumlov<\/p>\n<p><strong data-start=\"47\" data-end=\"60\" data-is-only-node=\"\">Kapazit\u00e4t:<\/strong> 8 pokoj\u016f<\/p>\n<p><strong data-start=\"74\" data-end=\"82\" data-is-only-node=\"\">Web:<\/strong> <a href=\"http:\/\/www.orangeriekrumlov.cz\/\" target=\"_new\" rel=\"noopener\" data-start=\"83\" data-end=\"140\" data-is-last-node=\"\">www.Orangeriekrumlov.cz<\/a>[\/vc_column_text][vc_btn title=&#8220;Mehr Informationen&#8220; style=&#8220;flat&#8220; shape=&#8220;round&#8220; color=&#8220;black&#8220; size=&#8220;sm&#8220; align=&#8220;center&#8220; css=&#8220;&#8220; button_block=&#8220;true&#8220; link=&#8220;url:http%3A%2F%2Fwww.orangeriekrumlov.cz|&#8220;][\/vc_column][vc_column width=&#8220;1\/4&#8243;][vc_empty_space][vc_media_grid element_width=&#8220;12&#8243; gap=&#8220;30&#8243; css=&#8220;&#8220; grid_id=&#8220;vc_gid:1749996323953-39acfc47-afe2-1&#8243; include=&#8220;4041&#8243;][vc_column_text css=&#8220;&#8220;]<\/p>\n<h4 style=\"text-align: left;\">Latran House 71<\/h4>\n<p>[\/vc_column_text][vc_empty_space height=&#8220;16px&#8220;][vc_column_text css=&#8220;&#8220;]<strong data-start=\"2\" data-end=\"15\" data-is-only-node=\"\">Adresse:<\/strong> Latr\u00e1n 71<\/p>\n<p>\u010cesk\u00fd Krumlov<\/p>\n<p><strong data-start=\"45\" data-end=\"62\" data-is-only-node=\"\">Kapazit\u00e4t: <\/strong>\u00a09 pokoj\u016f<\/p>\n<p><strong data-start=\"69\" data-end=\"82\" data-is-only-node=\"\">Web:<\/strong> <a href=\"http:\/\/www.latranhouse71.cz\/\" target=\"_new\" rel=\"noopener\" data-start=\"83\" data-end=\"134\" data-is-last-node=\"\">www.Latranhouse71.cz<\/a>[\/vc_column_text][vc_btn title=&#8220;Mehr Informationen&#8220; shape=&#8220;round&#8220; color=&#8220;black&#8220; size=&#8220;sm&#8220; align=&#8220;center&#8220; css=&#8220;&#8220; button_block=&#8220;true&#8220; link=&#8220;url:http%3A%2F%2Fwww.Latranhouse71.cz|&#8220;][\/vc_column][vc_column width=&#8220;1\/4&#8243;][vc_empty_space][vc_media_grid element_width=&#8220;12&#8243; gap=&#8220;30&#8243; css=&#8220;&#8220; grid_id=&#8220;vc_gid:1749996323954-334640ef-eadb-4&#8243; include=&#8220;3648&#8243;][vc_column_text css=&#8220;&#8220;]<\/p>\n<h4>Kristian &#8211; House &amp; Garden<\/h4>\n<p>[\/vc_column_text][vc_empty_space height=&#8220;16px&#8220;][vc_column_text css=&#8220;&#8220;]<\/p>\n<p style=\"text-align: left;\"><strong data-start=\"2\" data-end=\"13\" data-is-only-node=\"\">Adresse:<\/strong> Nov\u00e9 M\u011bsto 26<\/p>\n<p style=\"text-align: left;\">\u010cesk\u00fd Krumlov<\/p>\n<p style=\"text-align: left;\"><strong data-start=\"47\" data-end=\"60\" data-is-only-node=\"\">Kapazit\u00e4t:<\/strong> 1 dome\u010dek<\/p>\n<p style=\"text-align: left;\"><strong data-start=\"74\" data-end=\"82\" data-is-only-node=\"\">Web:<\/strong> <a href=\"http:\/\/www.KristianHouse.cz\">www.KristianHouse.cz<\/a><\/p>\n<p>[\/vc_column_text][vc_btn title=&#8220;Mehr Informationen&#8220; shape=&#8220;round&#8220; color=&#8220;black&#8220; size=&#8220;sm&#8220; align=&#8220;center&#8220; css=&#8220;&#8220; button_block=&#8220;true&#8220; link=&#8220;url:http%3A%2F%2FKristianHouse.cz|&#8220;][\/vc_column][\/vc_row][vc_row][vc_column width=&#8220;1\/4&#8243;][vc_empty_space][\/vc_column][vc_column width=&#8220;1\/4&#8243;][\/vc_column][vc_column width=&#8220;1\/4&#8243;][\/vc_column][vc_column width=&#8220;1\/4&#8243;][\/vc_column][\/vc_row]<\/p>\n<\/div>","protected":false},"excerpt":{"rendered":"<p>[vc_row full_width=&#8220;stretch_row_content_no_spaces&#8220;][vc_column][\/vc_column][\/vc_row][vc_row full_width=&#8220;stretch_row&#8220; css=&#8220;.vc_custom_1523452645764{border-bottom-width: 1px !important;border-bottom-color: #eeeeee !important;border-bottom-style: solid !important;border-radius: 1px !important;}&#8220; el_class=&#8220;homepage-intro&#8220;][vc_column css=&#8220;.vc_custom_1522662399358{padding-top: 0px !important;}&#8220;][vc_custom_heading text=&#8220;Willkommen im Pension Kristian by KH&#8220; font_container=&#8220;tag:h2|text_align:center&#8220; use_theme_fonts=&#8220;yes&#8220; css=&#8220;&#8220; el_class=&#8220;h1-title&#8220;][vc_column_text css=&#8220;.vc_custom_1522675722425{margin-bottom: 10px !important;}&#8220;][\/vc_column_text][vc_row_inner][vc_column_inner width=&#8220;1\/2&#8243;][vc_column_text css_animation=&#8220;left-to-right&#8220; css=&#8220;&#8220;]Erleben Sie den Zauber von \u010cesk\u00fd Krumlov im Pension Kristian. \u00dcbernachten Sie in einem einzigartigen historischen Geb\u00e4ude aus dem 15. Jahrhundert, das die Atmosph\u00e4re&hellip;<\/p>\n","protected":false},"author":1,"featured_media":0,"parent":0,"menu_order":0,"comment_status":"closed","ping_status":"closed","template":"","meta":{"_acf_changed":false,"footnotes":""},"class_list":["post-3048","page","type-page","status-publish","hentry"],"acf":[],"_links":{"self":[{"href":"https:\/\/pensionkristian.cz\/de\/wp-json\/wp\/v2\/pages\/3048","targetHints":{"allow":["GET"]}}],"collection":[{"href":"https:\/\/pensionkristian.cz\/de\/wp-json\/wp\/v2\/pages"}],"about":[{"href":"https:\/\/pensionkristian.cz\/de\/wp-json\/wp\/v2\/types\/page"}],"author":[{"embeddable":true,"href":"https:\/\/pensionkristian.cz\/de\/wp-json\/wp\/v2\/users\/1"}],"replies":[{"embeddable":true,"href":"https:\/\/pensionkristian.cz\/de\/wp-json\/wp\/v2\/comments?post=3048"}],"version-history":[{"count":59,"href":"https:\/\/pensionkristian.cz\/de\/wp-json\/wp\/v2\/pages\/3048\/revisions"}],"predecessor-version":[{"id":4044,"href":"https:\/\/pensionkristian.cz\/de\/wp-json\/wp\/v2\/pages\/3048\/revisions\/4044"}],"wp:attachment":[{"href":"https:\/\/pensionkristian.cz\/de\/wp-json\/wp\/v2\/media?parent=3048"}],"curies":[{"name":"wp","href":"https:\/\/api.w.org\/{rel}","templated":true}]}}