{"id":2675,"date":"2019-07-30T11:56:03","date_gmt":"2019-07-30T11:56:03","guid":{"rendered":"https:\/\/pensionkristian.cz\/kam-v-okoli\/"},"modified":"2025-06-15T14:14:42","modified_gmt":"2025-06-15T14:14:42","slug":"kam-v-okoli","status":"publish","type":"page","link":"https:\/\/pensionkristian.cz\/en\/kam-v-okoli\/","title":{"rendered":"Information for Guests"},"content":{"rendered":"\n<h2 class=\"wp-block-heading has-text-align-center\">Information for our Guests<\/h2>\n\n\n\n<hr class=\"wp-block-separator has-css-opacity\"\/>\n\n\n\n<div class=\"wp-block-media-text alignwide has-media-on-the-right is-stacked-on-mobile is-vertically-aligned-center\" style=\"grid-template-columns:auto 25%\"><div class=\"wp-block-media-text__content\">\n<h2 class=\"wp-block-heading\"><strong>Parking<\/strong><\/h2>\n\n\n\n<p><strong>Where to Park?<\/strong><\/p>\n\n\n\n<p>We recommend parking at the P1 parking lot at Chval\u0161insk\u00e1 138, \u010cesk\u00fd Krumlov, 381 01, which is approximately 5-7 minutes walk (350 m) from our guesthouse. The parking lot is municipal and is monitored by a camera system.<\/p>\n\n\n\n<p>Parking prices (according to the valid city price list):<\/p>\n\n\n\n<p>24 hours \u2013 290 CZK<\/p>\n\n\n\n<p>48 hours \u2013 580 CZK<\/p>\n\n\n\n<p>72 hours \u2013 870 CZK<\/p>\n\n\n\n<p>You cannot leave the area with these cards during your stay. However, if you are interested, you can purchase a card at the Infocenter on the square (address: N\u00e1m\u011bst\u00ed Svornosti 2, \u010cesk\u00fd Krumlov 381 01) for the same price, which allows repeated exits and entrances.<\/p>\n\n\n\n<p>You pay the parking fee directly at the parking lot and you can pay by card or cash.<\/p>\n\n\n\n<p><strong>Address:<\/strong>&nbsp;Chval\u0161insk\u00e1 138, \u010cesk\u00fd Krumlov 381 01 link<strong> <\/strong><a href=\"https:\/\/www.google.com\/maps\/dir\/\/Chval\u0161insk\u00e1+138,+381+01+\u010cesk\u00fd+Krumlov+1\/@48.8137843,14.2305368,12z\/data=!4m8!4m7!1m0!1m5!1m1!1s0x47735d9e887b262b:0x6b19a8a716477f0a!2m2!1d14.3129372!2d48.8138137?hl=cs-cz&amp;entry=ttu&amp;g_ep=EgoyMDI1MDIyNi4xIKXMDSoASAFQAw%3D%3D\" data-type=\"link\" data-id=\"https:\/\/www.google.com\/maps\/dir\/\/Chval\u0161insk\u00e1+138,+381+01+\u010cesk\u00fd+Krumlov+1\/@48.8137843,14.2305368,12z\/data=!4m8!4m7!1m0!1m5!1m1!1s0x47735d9e887b262b:0x6b19a8a716477f0a!2m2!1d14.3129372!2d48.8138137?hl=cs-cz&amp;entry=ttu&amp;g_ep=EgoyMDI1MDIyNi4xIKXMDSoASAFQAw%3D%3D\"><strong>Here<\/strong><\/a>.<\/p>\n<\/div><figure class=\"wp-block-media-text__media\"><img decoding=\"async\" src=\"https:\/\/pensionkristian.cz\/wp-content\/uploads\/2025\/03\/Navrh-bez-nazvu-kopie-3.svg\" alt=\"\" class=\"wp-image-3684 size-full\"\/><\/figure><\/div>\n\n\n\n<div class=\"wp-block-media-text alignwide is-stacked-on-mobile\" style=\"grid-template-columns:25% auto\"><figure class=\"wp-block-media-text__media\"><img decoding=\"async\" src=\"https:\/\/pensionkristian.cz\/wp-content\/uploads\/2025\/03\/Navrh-bez-nazvu.svg\" alt=\"\" class=\"wp-image-3672 size-full\"\/><\/figure><div class=\"wp-block-media-text__content\">\n<h2 class=\"wp-block-heading\"><strong>Check-in &amp; Check-out<\/strong><\/h2>\n\n\n\n<p><strong>How and when can you check-in with us?<\/strong><\/p>\n\n\n\n<p><strong>Check-in:<\/strong>&nbsp;Available between&nbsp;<strong>15:00 and 20:00<\/strong>. As we do not have a 24\/7 reception, please inform us of your approximate arrival time. A&nbsp;<strong>300 CZK fee<\/strong>&nbsp;will be charged for arrivals after&nbsp;<strong>20:00<\/strong>. Late check-in is possible until&nbsp;<strong>22:00<\/strong>&nbsp;by prior arrangement.<\/p>\n\n\n\n<p><strong>Check-out<\/strong>&nbsp;must be completed by&nbsp;<strong>10:30<\/strong>&nbsp;at the latest. Please vacate the room on time so that it can be prepared for the next guests.<br><\/p>\n<\/div><\/div>\n\n\n\n<div class=\"wp-block-media-text alignwide has-media-on-the-right is-stacked-on-mobile\" style=\"grid-template-columns:auto 25%\"><div class=\"wp-block-media-text__content\">\n<h2 class=\"wp-block-heading\"><strong>Luggage Storage<\/strong><\/h2>\n\n\n\n<p><strong>Do you need to store your luggage?<\/strong><\/p>\n\n\n\n<p>Arriving earlier than 15:00? No problem! We will gladly store your luggage for free until you can check in. Similarly, you can leave your luggage with us after check-out and pick it up anytime later.<\/p>\n\n\n\n<p>We want you to enjoy your stay to the fullest, without any worries!<\/p>\n<\/div><figure class=\"wp-block-media-text__media\"><img decoding=\"async\" src=\"https:\/\/pensionkristian.cz\/wp-content\/uploads\/2025\/03\/Navrh-bez-nazvu-kopie.svg\" alt=\"\" class=\"wp-image-3676 size-full\"\/><\/figure><\/div>\n\n\n\n<div class=\"wp-block-media-text alignwide is-stacked-on-mobile\" style=\"grid-template-columns:25% auto\"><figure class=\"wp-block-media-text__media\"><img decoding=\"async\" src=\"https:\/\/pensionkristian.cz\/wp-content\/uploads\/2025\/03\/Navrh-bez-nazvu-kopie-2.svg\" alt=\"\" class=\"wp-image-3680 size-full\"\/><\/figure><div class=\"wp-block-media-text__content\">\n<h2 class=\"wp-block-heading\"><strong>Breakfast<\/strong><\/h2>\n\n\n\n<p><strong>Would you like to enjoy an excellent breakfast with us?<\/strong><\/p>\n\n\n\n<p><strong>For our guests, we prepare a fresh and abundant breakfast<\/strong> that you can enjoy inside the guesthouse or on our beautiful terrace with a view of the historic streets of the town. Every morning, we carefully select fresh ingredients to ensure that the breakfast is always delicious and of high quality.<\/p>\n\n\n\n<p>We serve breakfast in the <strong>form of a buffet<\/strong>, where you&#8217;ll find a wide selection of fresh pastries, cheeses, cold cuts, yogurts, muesli, fruits, vegetables, and other tasty treats. Upon request, we will also gladly prepare fresh scrambled eggs for you.<\/p>\n\n\n\n<p><strong>Breakfast price:<\/strong>&nbsp;13 \u20ac \/ 300 CZK.<\/p>\n<\/div><\/div>\n\n\n\n<h2 class=\"wp-block-heading has-text-align-center\">Restaurace a kav\u00e1rny<\/h2>\n\n\n<div class=\"wp-block-image\">\n<figure class=\"aligncenter size-full is-resized\"><a href=\"https:\/\/pensionkristian.cz\/wp-content\/uploads\/2025\/03\/Navrh-bez-nazvu-kopie-4-2.svg\"><img decoding=\"async\" src=\"https:\/\/pensionkristian.cz\/wp-content\/uploads\/2025\/03\/Navrh-bez-nazvu-kopie-4-2.svg\" alt=\"\" class=\"wp-image-3699\" style=\"width:231px;height:auto\"\/><\/a><\/figure><\/div>\n\n\n<h2 class=\"wp-block-heading\"><strong>Hunger, Thirst, or Both? We Have Tips for You!<\/strong><\/h2>\n\n\n\n<p>Whether you&#8217;re looking for a place for a hearty lunch, a romantic dinner, or just a light snack, we\u2019re happy to recommend the best spots in \u010cesk\u00fd Krumlov. You can enjoy traditional Czech cuisine, international specialties, or simply sip a great coffee and savor homemade dessert in one of the cozy cafes.<\/p>\n\n\n\n<p>If you&#8217;d like to spend the evening with a glass of wine or a well-chilled beer, we also have a few tried-and-true recommendations for you. Just ask us, and we&#8217;ll be happy to guide you!<\/p>\n\n\n\n<div class=\"wp-block-columns is-layout-flex wp-container-core-columns-is-layout-9d6595d7 wp-block-columns-is-layout-flex\">\n<div class=\"wp-block-column is-layout-flow wp-block-column-is-layout-flow\">\n<div class=\"wp-block-columns is-layout-flex wp-container-core-columns-is-layout-9d6595d7 wp-block-columns-is-layout-flex\">\n<div class=\"wp-block-column is-layout-flow wp-block-column-is-layout-flow\">\n<h1 class=\"wp-block-heading has-text-align-center\">Restaurants<\/h1>\n<\/div>\n\n\n\n<div class=\"wp-block-column is-layout-flow wp-block-column-is-layout-flow\">\n<h1 class=\"wp-block-heading has-text-align-center\">Cafes and Bars<\/h1>\n<\/div>\n<\/div>\n\n\n\n<figure class=\"wp-block-image size-full is-style-default\"><a href=\"https:\/\/pensionkristian.cz\/wp-content\/uploads\/2025\/04\/AJ.svg\"><img decoding=\"async\" src=\"https:\/\/pensionkristian.cz\/wp-content\/uploads\/2025\/04\/AJ.svg\" alt=\"\" class=\"wp-image-4000\"\/><\/a><\/figure>\n<\/div>\n<\/div>\n\n\n\n<figure class=\"wp-block-gallery aligncenter has-nested-images columns-default is-cropped wp-block-gallery-1 is-layout-flex wp-block-gallery-is-layout-flex\">\n<figure class=\"wp-block-image size-full\"><a href=\"https:\/\/pensionkristian.cz\/wp-content\/uploads\/2025\/05\/Mapa2-1.svg\"><img decoding=\"async\" data-id=\"4029\" src=\"https:\/\/pensionkristian.cz\/wp-content\/uploads\/2025\/05\/Mapa2-1.svg\" alt=\"\" class=\"wp-image-4029\"\/><\/a><\/figure>\n<\/figure>\n\n\n\n<p><\/p>\n","protected":false},"excerpt":{"rendered":"<p>Information for our Guests Parking Where to Park? We recommend parking at the P1 parking lot at Chval\u0161insk\u00e1 138, \u010cesk\u00fd Krumlov, 381 01, which is approximately 5-7 minutes walk (350 m) from our guesthouse. The parking lot is municipal and is monitored by a camera system. Parking prices (according to the valid city price list):&hellip;<\/p>\n","protected":false},"author":1,"featured_media":0,"parent":0,"menu_order":0,"comment_status":"closed","ping_status":"closed","template":"","meta":{"_acf_changed":false,"footnotes":""},"class_list":["post-2675","page","type-page","status-publish","hentry"],"acf":[],"_links":{"self":[{"href":"https:\/\/pensionkristian.cz\/en\/wp-json\/wp\/v2\/pages\/2675","targetHints":{"allow":["GET"]}}],"collection":[{"href":"https:\/\/pensionkristian.cz\/en\/wp-json\/wp\/v2\/pages"}],"about":[{"href":"https:\/\/pensionkristian.cz\/en\/wp-json\/wp\/v2\/types\/page"}],"author":[{"embeddable":true,"href":"https:\/\/pensionkristian.cz\/en\/wp-json\/wp\/v2\/users\/1"}],"replies":[{"embeddable":true,"href":"https:\/\/pensionkristian.cz\/en\/wp-json\/wp\/v2\/comments?post=2675"}],"version-history":[{"count":20,"href":"https:\/\/pensionkristian.cz\/en\/wp-json\/wp\/v2\/pages\/2675\/revisions"}],"predecessor-version":[{"id":4045,"href":"https:\/\/pensionkristian.cz\/en\/wp-json\/wp\/v2\/pages\/2675\/revisions\/4045"}],"wp:attachment":[{"href":"https:\/\/pensionkristian.cz\/en\/wp-json\/wp\/v2\/media?parent=2675"}],"curies":[{"name":"wp","href":"https:\/\/api.w.org\/{rel}","templated":true}]}}