{"id":2727,"date":"2019-07-31T11:28:19","date_gmt":"2019-07-31T11:28:19","guid":{"rendered":"https:\/\/pensionkristian.cz\/accommodation\/"},"modified":"2025-03-29T17:24:37","modified_gmt":"2025-03-29T17:24:37","slug":"accommodation","status":"publish","type":"page","link":"https:\/\/pensionkristian.cz\/en\/accommodation\/","title":{"rendered":"Our Rooms"},"content":{"rendered":"\n<div style=\"height:51px\" aria-hidden=\"true\" class=\"wp-block-spacer\"><\/div>\n\n\n<div class=\"wp-block-image\">\n<figure class=\"aligncenter\"><img loading=\"lazy\" decoding=\"async\" width=\"432\" height=\"38\" src=\"https:\/\/pensionkristian.cz\/wp-content\/uploads\/2018\/03\/divider2.png\" alt=\"\" class=\"wp-image-1276\" srcset=\"https:\/\/pensionkristian.cz\/wp-content\/uploads\/2018\/03\/divider2.png 432w, https:\/\/pensionkristian.cz\/wp-content\/uploads\/2018\/03\/divider2-300x26.png 300w\" sizes=\"auto, (max-width: 432px) 100vw, 432px\" \/><\/figure><\/div>\n\n\n<div style=\"height:51px\" aria-hidden=\"true\" class=\"wp-block-spacer\"><\/div>\n\n\n\n<p class=\"has-text-align-center\">You will find us in the heart of \u010cesk\u00fd Krumlov historic center, yet in a quiet and peaceful street, Masn\u00e1, which offers several charming spots to sit and relax. Pension Kristian features eight elegant double rooms, all fully renovated to combine modern comfort with historic charm. <span class=\"Apple-converted-space\">&nbsp;<\/span><\/p>\n\n\n\n<div style=\"height:61px\" aria-hidden=\"true\" class=\"wp-block-spacer\"><\/div>\n\n\n\n<p class=\"has-text-align-center\">We offer three room categories to suit different preferences. Comfort rooms are smaller, equipped with a Queen bed, a private bathroom, and a Smart TV, without a seating area and with limited space, making them an ideal choice for short stays. The Deluxe category offers more spacious rooms with a higher standard of furnishings and a choice between a King or Queen bed, while the attic rooms in this category are additionally equipped with ceiling air conditioning for maximum comfort. The most spacious option is our Superior rooms, featuring a King bed with a decorative canopy element, adding a unique sense of luxury to the interior. <span class=\"Apple-converted-space\">&nbsp;<\/span><\/p>\n\n\n\n<div style=\"height:61px\" aria-hidden=\"true\" class=\"wp-block-spacer\"><\/div>\n\n\n\n<p class=\"has-text-align-center\">Detailed information about the amenities can be found in each room\u2019s description.<\/p>\n","protected":false},"excerpt":{"rendered":"<p>You will find us in the heart of \u010cesk\u00fd Krumlov historic center, yet in a quiet and peaceful street, Masn\u00e1, which offers several charming spots to sit and relax. Pension Kristian features eight elegant double rooms, all fully renovated to combine modern comfort with historic charm. &nbsp; We offer three room categories to suit different&hellip;<\/p>\n","protected":false},"author":1,"featured_media":0,"parent":0,"menu_order":0,"comment_status":"closed","ping_status":"closed","template":"portfolio.php","meta":{"_acf_changed":false,"footnotes":""},"class_list":["post-2727","page","type-page","status-publish","hentry"],"acf":[],"_links":{"self":[{"href":"https:\/\/pensionkristian.cz\/en\/wp-json\/wp\/v2\/pages\/2727","targetHints":{"allow":["GET"]}}],"collection":[{"href":"https:\/\/pensionkristian.cz\/en\/wp-json\/wp\/v2\/pages"}],"about":[{"href":"https:\/\/pensionkristian.cz\/en\/wp-json\/wp\/v2\/types\/page"}],"author":[{"embeddable":true,"href":"https:\/\/pensionkristian.cz\/en\/wp-json\/wp\/v2\/users\/1"}],"replies":[{"embeddable":true,"href":"https:\/\/pensionkristian.cz\/en\/wp-json\/wp\/v2\/comments?post=2727"}],"version-history":[{"count":32,"href":"https:\/\/pensionkristian.cz\/en\/wp-json\/wp\/v2\/pages\/2727\/revisions"}],"predecessor-version":[{"id":3839,"href":"https:\/\/pensionkristian.cz\/en\/wp-json\/wp\/v2\/pages\/2727\/revisions\/3839"}],"wp:attachment":[{"href":"https:\/\/pensionkristian.cz\/en\/wp-json\/wp\/v2\/media?parent=2727"}],"curies":[{"name":"wp","href":"https:\/\/api.w.org\/{rel}","templated":true}]}}